{"id":6,"date":"2024-02-17T06:06:40","date_gmt":"2024-02-17T11:06:40","guid":{"rendered":"https:\/\/zechinelli.com\/es\/?page_id=6"},"modified":"2024-02-22T14:42:21","modified_gmt":"2024-02-22T19:42:21","slug":"zechinelli","status":"publish","type":"page","link":"https:\/\/zechinelli.com\/es\/","title":{"rendered":"Zechinelli"},"content":{"rendered":"\n<p class=\"has-text-align-center has-body-color-color has-text-color\" style=\"font-size:17px;line-height:1.1\">Cuento con moraleja de la escritora e ilustradora Mar\u00eda Zechinelli<\/p>\n\n\n\n<div style=\"height:19px\" aria-hidden=\"true\" class=\"wp-block-spacer\"><\/div>\n\n\n\n<h2 class=\"wp-block-heading has-text-align-center has-medium-font-size\" id=\"h-version-en-espanol\">VERSI\u00d3N EN ESPA\u00d1OL<\/h2>\n\n\n\n<div class=\"wp-block-columns is-layout-flex wp-container-core-columns-is-layout-9d6595d7 wp-block-columns-is-layout-flex\">\n<div class=\"wp-block-column colibri is-layout-flow wp-block-column-is-layout-flow\"><div class=\"wp-block-edd-buy-button edd-blocks__buy-button comprame\">\t<form id=\"edd_purchase_29\" class=\"edd_download_purchase_form edd_purchase_29\" method=\"post\">\n\n\t\t\n\t\t<div class=\"edd_purchase_submit_wrapper\">\n\t\t\t<button class=\"edd-add-to-cart button blue edd-submit aligncenter\" data-nonce=\"6ad89924fd\" data-timestamp=\"1776205398\" data-token=\"788613dcefb175ead2b71c32330cee127425c5c47838ae8fabf027d41f3452ea\" data-action=\"edd_add_to_cart\" data-download-id=\"29\" data-variable-price=\"no\" data-price-mode=single data-price=\"2.99\" ><span class=\"edd-add-to-cart-label\">&#36;2.99&nbsp;&ndash;&nbsp;Comprar<\/span> <span class=\"edd-loading\" aria-label=\"Cargando\"><\/span><\/button><input type=\"submit\" class=\"edd-add-to-cart edd-no-js button blue edd-submit aligncenter\" name=\"edd_purchase_download\" value=\"&#036;2.99&nbsp;&ndash;&nbsp;Comprar\" data-action=\"edd_add_to_cart\" data-download-id=\"29\" data-variable-price=\"no\" data-price-mode=single \/><a href=\"https:\/\/zechinelli.com\/es\/finalizar-compra\/\" class=\"edd_go_to_checkout button blue edd-submit aligncenter\" style=\"display:none;\">Finalizar compra<\/a>\n\t\t\t\t\t\t\t<span class=\"edd-cart-ajax-alert\" aria-live=\"assertive\">\n\t\t\t\t\t<span class=\"edd-cart-added-alert\" style=\"display: none;\">\n\t\t\t\t\t\t<svg class=\"edd-icon edd-icon-check\" xmlns=\"http:\/\/www.w3.org\/2000\/svg\" width=\"28\" height=\"28\" viewBox=\"0 0 28 28\" aria-hidden=\"true\">\n\t\t\t\t\t\t\t<path d=\"M26.11 8.844c0 .39-.157.78-.44 1.062L12.234 23.344c-.28.28-.672.438-1.062.438s-.78-.156-1.06-.438l-7.782-7.78c-.28-.282-.438-.673-.438-1.063s.156-.78.438-1.06l2.125-2.126c.28-.28.672-.438 1.062-.438s.78.156 1.062.438l4.594 4.61L21.42 5.656c.282-.28.673-.438 1.063-.438s.78.155 1.062.437l2.125 2.125c.28.28.438.672.438 1.062z\"\/>\n\t\t\t\t\t\t<\/svg>\n\t\t\t\t\t\tA\u00f1adido al carrito\t\t\t\t\t<\/span>\n\t\t\t\t<\/span>\n\t\t\t\t\t\t\t\t\t\t\t\t\t\t\t<\/div><!--end .edd_purchase_submit_wrapper-->\n\n\t\t<input type=\"hidden\" name=\"download_id\" value=\"29\">\n\t\t\t\t\t\t\t<input type=\"hidden\" name=\"edd_action\" class=\"edd_action_input\" value=\"add_to_cart\">\n\t\t\n\t\t\t\t\t<input type=\"hidden\" name=\"edd_redirect_to_checkout\" value=\"1\">\n\t\t\n\t\t\n\t<\/form><!--end #edd_purchase_29-->\n\t<\/div><\/div>\n<\/div>\n\n\n<div class=\"wp-block-image\">\n<figure class=\"aligncenter size-large is-resized\"><img decoding=\"async\" src=\"https:\/\/zechinelli.com\/media\/pago-1024x214.png\" alt=\"Available payment methods\" class=\"wp-image-56\" style=\"width:96px;height:auto\"\/><\/figure>\n<\/div>","protected":false},"excerpt":{"rendered":"<p>Cuento con moraleja de la escritora e ilustradora Mar\u00eda Zechinelli VERSI\u00d3N EN ESPA\u00d1OL<\/p>\n","protected":false},"author":1,"featured_media":33,"parent":0,"menu_order":0,"comment_status":"closed","ping_status":"closed","template":"","meta":{"footnotes":""},"class_list":["post-6","page","type-page","status-publish","has-post-thumbnail","hentry"],"yoast_head":"<!-- This site is optimized with the Yoast SEO Premium plugin v21.9 (Yoast SEO v27.4) - https:\/\/yoast.com\/product\/yoast-seo-premium-wordpress\/ -->\n<title>CHEMA | Cuento con moraleja | Por Mar\u00eda Zechinelli<\/title>\n<meta name=\"description\" content=\"...vida humilde, pero llena de tesoros invaluables. Una lecci\u00f3n sencilla y valiosa, apreciada a trav\u00e9s de los ojos de un joven mexicano\" \/>\n<meta name=\"robots\" content=\"index, follow, max-snippet:-1, max-image-preview:large, max-video-preview:-1\" \/>\n<link rel=\"canonical\" href=\"https:\/\/zechinelli.com\/es\/\" \/>\n<meta property=\"og:locale\" content=\"es_ES\" \/>\n<meta property=\"og:type\" content=\"article\" \/>\n<meta property=\"og:title\" content=\"Zechinelli\" \/>\n<meta property=\"og:description\" content=\"...vida humilde, pero llena de tesoros invaluables. Una lecci\u00f3n sencilla y valiosa, apreciada a trav\u00e9s de los ojos de un joven mexicano\" \/>\n<meta property=\"og:url\" content=\"https:\/\/zechinelli.com\/es\/\" \/>\n<meta property=\"og:site_name\" content=\"Zechinelli\" \/>\n<meta property=\"article:modified_time\" content=\"2024-02-22T19:42:21+00:00\" \/>\n<meta property=\"og:image\" content=\"https:\/\/zechinelli.com\/es\/media\/edd\/chema.jpg\" \/>\n\t<meta property=\"og:image:width\" content=\"1024\" \/>\n\t<meta property=\"og:image:height\" content=\"1024\" \/>\n\t<meta property=\"og:image:type\" content=\"image\/jpeg\" \/>\n<meta name=\"twitter:card\" content=\"summary_large_image\" \/>\n<meta name=\"twitter:label1\" content=\"Tiempo de lectura\" \/>\n\t<meta name=\"twitter:data1\" content=\"1 minuto\" \/>\n<script type=\"application\/ld+json\" class=\"yoast-schema-graph\">{\"@context\":\"https:\\\/\\\/schema.org\",\"@graph\":[{\"@type\":\"WebPage\",\"@id\":\"https:\\\/\\\/zechinelli.com\\\/es\\\/\",\"url\":\"https:\\\/\\\/zechinelli.com\\\/es\\\/\",\"name\":\"CHEMA | Cuento con moraleja | Por Mar\u00eda Zechinelli\",\"isPartOf\":{\"@id\":\"https:\\\/\\\/zechinelli.com\\\/es\\\/#website\"},\"primaryImageOfPage\":{\"@id\":\"https:\\\/\\\/zechinelli.com\\\/es\\\/#primaryimage\"},\"image\":{\"@id\":\"https:\\\/\\\/zechinelli.com\\\/es\\\/#primaryimage\"},\"thumbnailUrl\":\"https:\\\/\\\/zechinelli.com\\\/es\\\/media\\\/edd\\\/chema.jpg\",\"datePublished\":\"2024-02-17T11:06:40+00:00\",\"dateModified\":\"2024-02-22T19:42:21+00:00\",\"description\":\"...vida humilde, pero llena de tesoros invaluables. Una lecci\u00f3n sencilla y valiosa, apreciada a trav\u00e9s de los ojos de un joven mexicano\",\"breadcrumb\":{\"@id\":\"https:\\\/\\\/zechinelli.com\\\/es\\\/#breadcrumb\"},\"inLanguage\":\"es\",\"potentialAction\":[{\"@type\":\"ReadAction\",\"target\":[\"https:\\\/\\\/zechinelli.com\\\/es\\\/\"]}]},{\"@type\":\"ImageObject\",\"inLanguage\":\"es\",\"@id\":\"https:\\\/\\\/zechinelli.com\\\/es\\\/#primaryimage\",\"url\":\"https:\\\/\\\/zechinelli.com\\\/es\\\/media\\\/edd\\\/chema.jpg\",\"contentUrl\":\"https:\\\/\\\/zechinelli.com\\\/es\\\/media\\\/edd\\\/chema.jpg\",\"width\":1024,\"height\":1024,\"caption\":\"Chema cuento con moraleja para ni\u00f1os\"},{\"@type\":\"BreadcrumbList\",\"@id\":\"https:\\\/\\\/zechinelli.com\\\/es\\\/#breadcrumb\",\"itemListElement\":[{\"@type\":\"ListItem\",\"position\":1,\"name\":\"Zechinelli\",\"item\":\"https:\\\/\\\/zechinelli.com\\\/es\\\/\"},{\"@type\":\"ListItem\",\"position\":2,\"name\":\"Zechinelli\"}]},{\"@type\":\"WebSite\",\"@id\":\"https:\\\/\\\/zechinelli.com\\\/es\\\/#website\",\"url\":\"https:\\\/\\\/zechinelli.com\\\/es\\\/\",\"name\":\"Zechinelli\",\"description\":\"\",\"publisher\":{\"@id\":\"https:\\\/\\\/zechinelli.com\\\/es\\\/#organization\"},\"potentialAction\":[{\"@type\":\"SearchAction\",\"target\":{\"@type\":\"EntryPoint\",\"urlTemplate\":\"https:\\\/\\\/zechinelli.com\\\/es\\\/?s={search_term_string}\"},\"query-input\":{\"@type\":\"PropertyValueSpecification\",\"valueRequired\":true,\"valueName\":\"search_term_string\"}}],\"inLanguage\":\"es\"},{\"@type\":\"Organization\",\"@id\":\"https:\\\/\\\/zechinelli.com\\\/es\\\/#organization\",\"name\":\"Zechinelli\",\"url\":\"https:\\\/\\\/zechinelli.com\\\/es\\\/\",\"logo\":{\"@type\":\"ImageObject\",\"inLanguage\":\"es\",\"@id\":\"https:\\\/\\\/zechinelli.com\\\/es\\\/#\\\/schema\\\/logo\\\/image\\\/\",\"url\":\"https:\\\/\\\/zechinelli.com\\\/es\\\/media\\\/z-600.png\",\"contentUrl\":\"https:\\\/\\\/zechinelli.com\\\/es\\\/media\\\/z-600.png\",\"width\":600,\"height\":600,\"caption\":\"Zechinelli\"},\"image\":{\"@id\":\"https:\\\/\\\/zechinelli.com\\\/es\\\/#\\\/schema\\\/logo\\\/image\\\/\"}}]}<\/script>\n<!-- \/ Yoast SEO Premium plugin. -->","yoast_head_json":{"title":"CHEMA | Cuento con moraleja | Por Mar\u00eda Zechinelli","description":"...vida humilde, pero llena de tesoros invaluables. Una lecci\u00f3n sencilla y valiosa, apreciada a trav\u00e9s de los ojos de un joven mexicano","robots":{"index":"index","follow":"follow","max-snippet":"max-snippet:-1","max-image-preview":"max-image-preview:large","max-video-preview":"max-video-preview:-1"},"canonical":"https:\/\/zechinelli.com\/es\/","og_locale":"es_ES","og_type":"article","og_title":"Zechinelli","og_description":"...vida humilde, pero llena de tesoros invaluables. Una lecci\u00f3n sencilla y valiosa, apreciada a trav\u00e9s de los ojos de un joven mexicano","og_url":"https:\/\/zechinelli.com\/es\/","og_site_name":"Zechinelli","article_modified_time":"2024-02-22T19:42:21+00:00","og_image":[{"width":1024,"height":1024,"url":"https:\/\/zechinelli.com\/es\/media\/edd\/chema.jpg","type":"image\/jpeg"}],"twitter_card":"summary_large_image","twitter_misc":{"Tiempo de lectura":"1 minuto"},"schema":{"@context":"https:\/\/schema.org","@graph":[{"@type":"WebPage","@id":"https:\/\/zechinelli.com\/es\/","url":"https:\/\/zechinelli.com\/es\/","name":"CHEMA | Cuento con moraleja | Por Mar\u00eda Zechinelli","isPartOf":{"@id":"https:\/\/zechinelli.com\/es\/#website"},"primaryImageOfPage":{"@id":"https:\/\/zechinelli.com\/es\/#primaryimage"},"image":{"@id":"https:\/\/zechinelli.com\/es\/#primaryimage"},"thumbnailUrl":"https:\/\/zechinelli.com\/es\/media\/edd\/chema.jpg","datePublished":"2024-02-17T11:06:40+00:00","dateModified":"2024-02-22T19:42:21+00:00","description":"...vida humilde, pero llena de tesoros invaluables. Una lecci\u00f3n sencilla y valiosa, apreciada a trav\u00e9s de los ojos de un joven mexicano","breadcrumb":{"@id":"https:\/\/zechinelli.com\/es\/#breadcrumb"},"inLanguage":"es","potentialAction":[{"@type":"ReadAction","target":["https:\/\/zechinelli.com\/es\/"]}]},{"@type":"ImageObject","inLanguage":"es","@id":"https:\/\/zechinelli.com\/es\/#primaryimage","url":"https:\/\/zechinelli.com\/es\/media\/edd\/chema.jpg","contentUrl":"https:\/\/zechinelli.com\/es\/media\/edd\/chema.jpg","width":1024,"height":1024,"caption":"Chema cuento con moraleja para ni\u00f1os"},{"@type":"BreadcrumbList","@id":"https:\/\/zechinelli.com\/es\/#breadcrumb","itemListElement":[{"@type":"ListItem","position":1,"name":"Zechinelli","item":"https:\/\/zechinelli.com\/es\/"},{"@type":"ListItem","position":2,"name":"Zechinelli"}]},{"@type":"WebSite","@id":"https:\/\/zechinelli.com\/es\/#website","url":"https:\/\/zechinelli.com\/es\/","name":"Zechinelli","description":"","publisher":{"@id":"https:\/\/zechinelli.com\/es\/#organization"},"potentialAction":[{"@type":"SearchAction","target":{"@type":"EntryPoint","urlTemplate":"https:\/\/zechinelli.com\/es\/?s={search_term_string}"},"query-input":{"@type":"PropertyValueSpecification","valueRequired":true,"valueName":"search_term_string"}}],"inLanguage":"es"},{"@type":"Organization","@id":"https:\/\/zechinelli.com\/es\/#organization","name":"Zechinelli","url":"https:\/\/zechinelli.com\/es\/","logo":{"@type":"ImageObject","inLanguage":"es","@id":"https:\/\/zechinelli.com\/es\/#\/schema\/logo\/image\/","url":"https:\/\/zechinelli.com\/es\/media\/z-600.png","contentUrl":"https:\/\/zechinelli.com\/es\/media\/z-600.png","width":600,"height":600,"caption":"Zechinelli"},"image":{"@id":"https:\/\/zechinelli.com\/es\/#\/schema\/logo\/image\/"}}]}},"_links":{"self":[{"href":"https:\/\/zechinelli.com\/es\/wp-json\/wp\/v2\/pages\/6","targetHints":{"allow":["GET"]}}],"collection":[{"href":"https:\/\/zechinelli.com\/es\/wp-json\/wp\/v2\/pages"}],"about":[{"href":"https:\/\/zechinelli.com\/es\/wp-json\/wp\/v2\/types\/page"}],"author":[{"embeddable":true,"href":"https:\/\/zechinelli.com\/es\/wp-json\/wp\/v2\/users\/1"}],"replies":[{"embeddable":true,"href":"https:\/\/zechinelli.com\/es\/wp-json\/wp\/v2\/comments?post=6"}],"version-history":[{"count":21,"href":"https:\/\/zechinelli.com\/es\/wp-json\/wp\/v2\/pages\/6\/revisions"}],"predecessor-version":[{"id":237,"href":"https:\/\/zechinelli.com\/es\/wp-json\/wp\/v2\/pages\/6\/revisions\/237"}],"wp:featuredmedia":[{"embeddable":true,"href":"https:\/\/zechinelli.com\/es\/wp-json\/wp\/v2\/media\/33"}],"wp:attachment":[{"href":"https:\/\/zechinelli.com\/es\/wp-json\/wp\/v2\/media?parent=6"}],"curies":[{"name":"wp","href":"https:\/\/api.w.org\/{rel}","templated":true}]}}